{"id":2,"date":"2022-12-05T21:02:29","date_gmt":"2022-12-05T21:02:29","guid":{"rendered":"https:\/\/yves-rochereau.fr\/?page_id=2"},"modified":"2023-03-26T08:26:43","modified_gmt":"2023-03-26T08:26:43","slug":"sample-page","status":"publish","type":"page","link":"https:\/\/yves-rochereau.fr\/index.php\/sample-page\/","title":{"rendered":"A propos"},"content":{"rendered":"\n<p><\/p>\n\n\n\n<blockquote class=\"wp-block-quote\">\n<p>Je peins depuis 1994. Dans un premier temps \u00e0 l&#8217;aquarelle, puis \u00e0 l&#8217;huile.  Depuis 2016, je suis revenu \u00e0 la peinture \u00e0 l&#8217;eau en utilisant la gouache pour illustrer des cartes marines anciennes.<\/p>\n<\/blockquote>\n\n\n\n<p>Il puise son inspiration au gr\u00e9 de ses d\u00e9placements, accompagn\u00e9 d&#8217;un carnet de croquis et d&#8217;un appareil photo : la Bretagne et ses ports de commerce et de p\u00eache, la campagne tourangelle et la Loire, les vieux b\u00e2timents et les friches industrielles sont parmi ses th\u00e8mes favoris.<\/p>\n\n\n\n<p>Il travaille les int\u00e9rieurs, ateliers d&#8217;artisans ou d&#8217;industries, chantiers de marine.<\/p>\n\n\n\n<blockquote class=\"wp-block-quote\">\n<p>Je remercie pour leur aide pr\u00e9cieuse Jacques Noury et Dalby, aquarellistes de la r\u00e9gion, ainsi que St\u00e9phane Ruais, peintre officiel de la Marine, et Florent Maussion, peintre officiel des Arm\u00e9es, pour la peinture \u00e0 l&#8217;huile.<\/p>\n<\/blockquote>\n\n\n\n<p>Il aime peindre sur le motif, et participe volontiers \u00e0 des salons en plein air.<\/p>\n\n\n\n<p>Il participe chaque ann\u00e9e \u00e0 des expositions de groupe dans l&#8217;Ouest de la France.<\/p>\n","protected":false},"excerpt":{"rendered":"<p>Je peins depuis 1994. Dans un premier temps \u00e0 l&#8217;aquarelle, puis \u00e0 l&#8217;huile. Depuis 2016, je suis revenu \u00e0 la peinture \u00e0 l&#8217;eau en utilisant la gouache pour illustrer des cartes marines anciennes. Il puise son inspiration au gr\u00e9 de ses d\u00e9placements, accompagn\u00e9 d&#8217;un carnet de croquis et d&#8217;un appareil photo : la Bretagne et [&hellip;]<\/p>\n","protected":false},"author":1,"featured_media":0,"parent":0,"menu_order":3,"comment_status":"closed","ping_status":"open","template":"","meta":{"footnotes":""},"_links":{"self":[{"href":"https:\/\/yves-rochereau.fr\/index.php\/wp-json\/wp\/v2\/pages\/2"}],"collection":[{"href":"https:\/\/yves-rochereau.fr\/index.php\/wp-json\/wp\/v2\/pages"}],"about":[{"href":"https:\/\/yves-rochereau.fr\/index.php\/wp-json\/wp\/v2\/types\/page"}],"author":[{"embeddable":true,"href":"https:\/\/yves-rochereau.fr\/index.php\/wp-json\/wp\/v2\/users\/1"}],"replies":[{"embeddable":true,"href":"https:\/\/yves-rochereau.fr\/index.php\/wp-json\/wp\/v2\/comments?post=2"}],"version-history":[{"count":11,"href":"https:\/\/yves-rochereau.fr\/index.php\/wp-json\/wp\/v2\/pages\/2\/revisions"}],"predecessor-version":[{"id":178,"href":"https:\/\/yves-rochereau.fr\/index.php\/wp-json\/wp\/v2\/pages\/2\/revisions\/178"}],"wp:attachment":[{"href":"https:\/\/yves-rochereau.fr\/index.php\/wp-json\/wp\/v2\/media?parent=2"}],"curies":[{"name":"wp","href":"https:\/\/api.w.org\/{rel}","templated":true}]}}